{"id":33,"date":"2025-06-01T07:47:45","date_gmt":"2025-06-01T07:47:45","guid":{"rendered":"https:\/\/hojs-metali.hr\/index.php\/home\/"},"modified":"2025-10-27T18:22:07","modified_gmt":"2025-10-27T18:22:07","slug":"home","status":"publish","type":"page","link":"https:\/\/hojsmetali.hr\/","title":{"rendered":"Home"},"content":{"rendered":"<h1>Otkup svih vrsta \u017eeljeza, \u010delika i sekundarnih metala<\/h1>\n<h5><b>Specijalizirani smo za otkup metala. Kod nas dobivate brzu procjenu i isplatu odmah nakon dostave materijala.<\/b><\/h5>\n<p>\t\t\t\t\t<a role=\"button\"><br \/>\n\t\t\t\t\t\t\t\t\tKontakt<br \/>\n\t\t\t\t\t<\/a><\/p>\n<h2>Usluge \/ Otkupljujemo<\/h2>\n<figure><img decoding=\"async\" src=\"https:\/\/hojsmetali.hr\/wp-content\/uploads\/elementor\/thumbs\/IMG_6360-scaled-rd1elmcrv2j329u7roefvibfjxiuoecf1we4gspdj8.jpeg\" title=\"IMG_6360\" alt=\"IMG_6360\" loading=\"lazy\" \/><\/figure>\n<h4>\u017deljezo<\/h4>\n<p>Otkup svih vrsta \u017eeljeznog otpada uklju\u010duju\u0107i konstrukcije, dijelove strojeva i gra\u0111evinski materijal.<\/p>\n<figure><img decoding=\"async\" src=\"https:\/\/hojsmetali.hr\/wp-content\/uploads\/elementor\/thumbs\/IMG_6356-scaled-rd1eldw85k7i5s6i52qsr2ga7gojr4eu0qir5b1x38.jpeg\" title=\"IMG_6356\" alt=\"IMG_6356\" loading=\"lazy\" \/><\/figure>\n<h4>\u010celik<\/h4>\n<p>Preuzimamo \u010deli\u010dne plo\u010de, profile i industrijski otpad.<\/p>\n<figure><img decoding=\"async\" src=\"https:\/\/hojsmetali.hr\/wp-content\/uploads\/elementor\/thumbs\/IMG_6336-scaled-rd1emejxk3loqkp970l8yb79dhnv3bgd5ryov3jkck.jpeg\" title=\"IMG_6336\" alt=\"IMG_6336\" loading=\"lazy\" \/><\/figure>\n<h4>Bakar<\/h4>\n<p>Otkupljujemo bakrene cijevi, kablove, elektri\u010dne instalacije, limove i industrijski otpad od bakra.<\/p>\n<figure><img decoding=\"async\" src=\"https:\/\/hojsmetali.hr\/wp-content\/uploads\/elementor\/thumbs\/IMG_6342-scaled-rd1eks9xsddwqr1wnbednpwojln3u3109ril3xxz2c.jpeg\" title=\"IMG_6342\" alt=\"IMG_6342\" loading=\"lazy\" \/><\/figure>\n<h4>Ostali metali<\/h4>\n<p>Po dogovoru otkupljujemo i druge sekundarne metale.<\/p>\n<p>\t\t\t\t\t<a role=\"button\"><br \/>\n\t\t\t\t\t\t\t\t\tUsluge<br \/>\n\t\t\t\t\t<\/a><\/p>\n<h2>Za\u0161to sura\u0111ivati s nama?<\/h2>\n<h4>Brzina<\/h4>\n<p>Procjena, vaganje i isplata u najkra\u0107em roku.<\/p>\n<h4>Isplata odmah<\/h4>\n<p>Novac ispla\u0107ujemo na licu mjesta ili na ra\u010dun.<\/p>\n<h4>Transport<\/h4>\n<p>Organiziramo preuzimanje ve\u0107ih koli\u010dina po dogovoru.<\/p>\n<h4>Stru\u010dnost<\/h4>\n<p>Profesionalno rukovanje i sortiranje materijala.<\/p>\n<h2>O nama<\/h2>\n<p><strong data-start=\"1012\" data-end=\"1034\">Hojs metali d.o.o.<\/strong> je obiteljska tvrtka s iskustvom u prikupljanju i otkupu metala. Na\u0161 poslovni princip temelji se na transparentnosti, po\u0161tenoj cijeni i brzoj usluzi.<br data-start=\"1208\" data-end=\"1211\" \/>Cilj nam je odr\u017eiva gospodarska praksa kroz recikla\u017eu, smanjenje otpada i za\u0161titu okoli\u0161a.<\/p>\n<p>\t\t\t\t\t<a role=\"button\"><br \/>\n\t\t\t\t\t\t\t\t\tVi\u0161e o nama&#8230;<br \/>\n\t\t\t\t\t<\/a><\/p>\n<h2>Kontakt<\/h2>\n<p>Have questions or ready to take the next step? Reach out to us\u2014we&#8217;re here to help with your fitness journey. Whether you&#8217;re looking for guidance, scheduling a session, or just want more information, we&#8217;ve got you covered.<\/p>\n<h3>Adresa<\/h3>\n<p>Kopriivni\u010dki bregi<\/p>\n<h3>Hours<\/h3>\n<p>M-F 9am-6pm<\/p>\n<h3>Visit<\/h3>\n<p>\t\t\t\t\t\t\t<a aria-label=\"Visit\" href=\"\" rel=\"noopener noreferrer\"><br \/>\n\t\t\t\t\t<svg aria-hidden=\"true\" viewBox=\"0 0 384 512\" xmlns=\"http:\/\/www.w3.org\/2000\/svg\"><path d=\"M172.268 501.67C26.97 291.031 0 269.413 0 192 0 85.961 85.961 0 192 0s192 85.961 192 192c0 77.413-26.97 99.031-172.268 309.67-9.535 13.774-29.93 13.773-39.464 0zM192 272c44.183 0 80-35.817 80-80s-35.817-80-80-80-80 35.817-80 80 35.817 80 80 80z\"><\/path><\/svg>Visit\t\t\t\t<\/a><\/p>\n<h3>Follow<\/h3>\n<p>\t\t\t\t\t\t\t<a aria-label=\"Instagram\" rel=\"noopener noreferrer\" href=\"https:\/\/www.instagram.com\/\"><br \/>\n\t\t\t\t\t<svg aria-hidden=\"true\" viewBox=\"0 0 448 512\" xmlns=\"http:\/\/www.w3.org\/2000\/svg\"><path d=\"M224.1 141c-63.6 0-114.9 51.3-114.9 114.9s51.3 114.9 114.9 114.9S339 319.5 339 255.9 287.7 141 224.1 141zm0 189.6c-41.1 0-74.7-33.5-74.7-74.7s33.5-74.7 74.7-74.7 74.7 33.5 74.7 74.7-33.6 74.7-74.7 74.7zm146.4-194.3c0 14.9-12 26.8-26.8 26.8-14.9 0-26.8-12-26.8-26.8s12-26.8 26.8-26.8 26.8 12 26.8 26.8zm76.1 27.2c-1.7-35.9-9.9-67.7-36.2-93.9-26.2-26.2-58-34.4-93.9-36.2-37-2.1-147.9-2.1-184.9 0-35.8 1.7-67.6 9.9-93.9 36.1s-34.4 58-36.2 93.9c-2.1 37-2.1 147.9 0 184.9 1.7 35.9 9.9 67.7 36.2 93.9s58 34.4 93.9 36.2c37 2.1 147.9 2.1 184.9 0 35.9-1.7 67.7-9.9 93.9-36.2 26.2-26.2 34.4-58 36.2-93.9 2.1-37 2.1-147.8 0-184.8zM398.8 388c-7.8 19.6-22.9 34.7-42.6 42.6-29.5 11.7-99.5 9-132.1 9s-102.7 2.6-132.1-9c-19.6-7.8-34.7-22.9-42.6-42.6-11.7-29.5-9-99.5-9-132.1s-2.6-102.7 9-132.1c7.8-19.6 22.9-34.7 42.6-42.6 29.5-11.7 99.5-9 132.1-9s102.7-2.6 132.1 9c19.6 7.8 34.7 22.9 42.6 42.6 11.7 29.5 9 99.5 9 132.1s2.7 102.7-9 132.1z\"><\/path><\/svg>\t\t\t\t<\/a><br \/>\n\t\t\t\t\t\t\t\t<a aria-label=\"Tiktok\" rel=\"noopener noreferrer\" href=\"https:\/\/www.tiktok.com\/\"><br \/>\n\t\t\t\t\t<svg aria-hidden=\"true\" viewBox=\"0 0 448 512\" xmlns=\"http:\/\/www.w3.org\/2000\/svg\"><path d=\"M448,209.91a210.06,210.06,0,0,1-122.77-39.25V349.38A162.55,162.55,0,1,1,185,188.31V278.2a74.62,74.62,0,1,0,52.23,71.18V0l88,0a121.18,121.18,0,0,0,1.86,22.17h0A122.18,122.18,0,0,0,381,102.39a121.43,121.43,0,0,0,67,20.14Z\"><\/path><\/svg>\t\t\t\t<\/a><br \/>\n\t\t\t\t\t\t\t\t<a aria-label=\"X (Twitter)\" rel=\"noopener noreferrer\" href=\"https:\/\/www.twitter.com\/\"><br \/>\n\t\t\t\t\t<svg aria-hidden=\"true\" viewBox=\"0 0 512 512\" xmlns=\"http:\/\/www.w3.org\/2000\/svg\"><path d=\"M389.2 48h70.6L305.6 224.2 487 464H345L233.7 318.6 106.5 464H35.8L200.7 275.5 26.8 48H172.4L272.9 180.9 389.2 48zM364.4 421.8h39.1L151.1 88h-42L364.4 421.8z\"><\/path><\/svg>\t\t\t\t<\/a><br \/>\n\t\t\t\t<iframe loading=\"lazy\"\n\t\t\t\t\t\tsrc=\"https:\/\/maps.google.com\/maps?q=Koprivni%C4%8Dki%20bregi&#038;t=m&#038;z=10&#038;output=embed&#038;iwloc=near\"\n\t\t\t\t\t\ttitle=\"Koprivni\u010dki bregi\"\n\t\t\t\t\t\taria-label=\"Koprivni\u010dki bregi\"\n\t\t\t\t><\/iframe><\/p>\n","protected":false},"excerpt":{"rendered":"<p>Otkup svih vrsta \u017eeljeza, \u010delika i sekundarnih metala Specijalizirani smo za otkup metala. Kod nas dobivate brzu procjenu i isplatu odmah nakon dostave materijala. Kontakt Usluge \/ Otkupljujemo \u017deljezo Otkup svih vrsta \u017eeljeznog otpada uklju\u010duju\u0107i konstrukcije, dijelove strojeva i gra\u0111evinski materijal. \u010celik Preuzimamo \u010deli\u010dne plo\u010de, profile i industrijski otpad. Bakar Otkupljujemo bakrene cijevi, kablove, elektri\u010dne [&hellip;]<\/p>\n","protected":false},"author":1,"featured_media":0,"parent":0,"menu_order":0,"comment_status":"closed","ping_status":"closed","template":"","meta":{"footnotes":""},"class_list":["post-33","page","type-page","status-publish","hentry"],"aioseo_notices":[],"_links":{"self":[{"href":"https:\/\/hojsmetali.hr\/index.php\/wp-json\/wp\/v2\/pages\/33","targetHints":{"allow":["GET"]}}],"collection":[{"href":"https:\/\/hojsmetali.hr\/index.php\/wp-json\/wp\/v2\/pages"}],"about":[{"href":"https:\/\/hojsmetali.hr\/index.php\/wp-json\/wp\/v2\/types\/page"}],"author":[{"embeddable":true,"href":"https:\/\/hojsmetali.hr\/index.php\/wp-json\/wp\/v2\/users\/1"}],"replies":[{"embeddable":true,"href":"https:\/\/hojsmetali.hr\/index.php\/wp-json\/wp\/v2\/comments?post=33"}],"version-history":[{"count":44,"href":"https:\/\/hojsmetali.hr\/index.php\/wp-json\/wp\/v2\/pages\/33\/revisions"}],"predecessor-version":[{"id":129,"href":"https:\/\/hojsmetali.hr\/index.php\/wp-json\/wp\/v2\/pages\/33\/revisions\/129"}],"wp:attachment":[{"href":"https:\/\/hojsmetali.hr\/index.php\/wp-json\/wp\/v2\/media?parent=33"}],"curies":[{"name":"wp","href":"https:\/\/api.w.org\/{rel}","templated":true}]}}